{"id":233,"date":"2025-04-09T17:03:01","date_gmt":"2025-04-09T13:03:01","guid":{"rendered":"https:\/\/iremi2024.univ.run\/?page_id=233"},"modified":"2025-06-19T13:38:52","modified_gmt":"2025-06-19T09:38:52","slug":"concours-evenements","status":"publish","type":"page","link":"https:\/\/iremi.univ-reunion.fr\/?page_id=233","title":{"rendered":"Concours &amp; \u00e9v\u00e8nements"},"content":{"rendered":"\n<div class=\"wp-block-group alignwide has-global-padding is-layout-constrained wp-block-group-is-layout-constrained\" style=\"padding-top:var(--wp--preset--spacing--60);padding-bottom:var(--wp--preset--spacing--60)\">\n<h2 class=\"wp-block-heading alignwide has-small-font-size\" style=\"font-style:normal;font-weight:700;letter-spacing:1.4px;text-transform:uppercase\">liste des publications de la cat\u00e9gorie Concours et \u00e9v\u00e8nements<\/h2>\n\n\n\n<div class=\"wp-block-query alignwide is-layout-flow wp-block-query-is-layout-flow\"><ul class=\"alignfull wp-block-post-template is-layout-flow wp-container-core-post-template-is-layout-3ee800f6 wp-block-post-template-is-layout-flow\"><li class=\"wp-block-post post-1708 post type-post status-publish format-standard has-post-thumbnail hentry category-concours-et-evenements category-contextualiser-les-apprentissages category-jeux-mathematiques tag-cycle-1 tag-cycle-2 tag-cycle-3 tag-cycle-4 tag-lycee tag-manipulation\">\n\n<div class=\"wp-block-group alignfull is-content-justification-space-between is-nowrap is-layout-flex wp-container-core-group-is-layout-2e0c9c2c wp-block-group-is-layout-flex\" style=\"border-bottom-color:var(--wp--preset--color--base);margin-top:0;margin-bottom:0;padding-top:var(--wp--preset--spacing--20);padding-bottom:0\"><h3 class=\"wp-block-post-title has-large-font-size\"><a href=\"https:\/\/iremi.univ-reunion.fr\/?p=1708\" target=\"_self\" >Forum Ma(th)nipulez &#8211; \u00c9dition 2026<\/a><\/h3><\/div>\n\n\n\n<div class=\"wp-block-group is-nowrap is-layout-flex wp-container-core-group-is-layout-6c531013 wp-block-group-is-layout-flex\" style=\"border-top-style:none;border-top-width:0px;border-right-style:none;border-right-width:0px;border-bottom-width:1px;border-left-style:none;border-left-width:0px\"><div class=\"has-text-align-left wp-block-post-author-name\">Karim BOUASLA<\/div>\n\n<div class=\"has-text-align-right wp-block-post-date\"><time datetime=\"2026-03-16T16:05:47+04:00\"><a href=\"https:\/\/iremi.univ-reunion.fr\/?p=1708\">16 mars 2026<\/a><\/time><\/div><\/div>\n\n<\/li><li class=\"wp-block-post post-1652 post type-post status-publish format-standard has-post-thumbnail hentry category-concours-et-evenements tag-cycle-3 tag-cycle-4 tag-questions-flash\">\n\n<div class=\"wp-block-group alignfull is-content-justification-space-between is-nowrap is-layout-flex wp-container-core-group-is-layout-2e0c9c2c wp-block-group-is-layout-flex\" style=\"border-bottom-color:var(--wp--preset--color--base);margin-top:0;margin-bottom:0;padding-top:var(--wp--preset--spacing--20);padding-bottom:0\"><h3 class=\"wp-block-post-title has-large-font-size\"><a href=\"https:\/\/iremi.univ-reunion.fr\/?p=1652\" target=\"_self\" >Concours Flash Maths 974<\/a><\/h3><\/div>\n\n\n\n<div class=\"wp-block-group is-nowrap is-layout-flex wp-container-core-group-is-layout-6c531013 wp-block-group-is-layout-flex\" style=\"border-top-style:none;border-top-width:0px;border-right-style:none;border-right-width:0px;border-bottom-width:1px;border-left-style:none;border-left-width:0px\"><div class=\"has-text-align-left wp-block-post-author-name\">Karim BOUASLA<\/div>\n\n<div class=\"has-text-align-right wp-block-post-date\"><time datetime=\"2026-01-22T18:07:35+04:00\"><a href=\"https:\/\/iremi.univ-reunion.fr\/?p=1652\">22 janvier 2026<\/a><\/time><\/div><\/div>\n\n<\/li><li class=\"wp-block-post post-1627 post type-post status-publish format-standard hentry category-concours-et-evenements tag-cycle-4 tag-lycee tag-resolution-de-problemes\">\n\n<div class=\"wp-block-group alignfull is-content-justification-space-between is-nowrap is-layout-flex wp-container-core-group-is-layout-2e0c9c2c wp-block-group-is-layout-flex\" style=\"border-bottom-color:var(--wp--preset--color--base);margin-top:0;margin-bottom:0;padding-top:var(--wp--preset--spacing--20);padding-bottom:0\"><h3 class=\"wp-block-post-title has-large-font-size\"><a href=\"https:\/\/iremi.univ-reunion.fr\/?p=1627\" target=\"_self\" >Sujet Rallye 974 Maths 2026<\/a><\/h3><\/div>\n\n\n\n<div class=\"wp-block-group is-nowrap is-layout-flex wp-container-core-group-is-layout-6c531013 wp-block-group-is-layout-flex\" style=\"border-top-style:none;border-top-width:0px;border-right-style:none;border-right-width:0px;border-bottom-width:1px;border-left-style:none;border-left-width:0px\"><div class=\"has-text-align-left wp-block-post-author-name\">Bruno Accot<\/div>\n\n<div class=\"has-text-align-right wp-block-post-date\"><time datetime=\"2026-01-13T16:05:33+04:00\"><a href=\"https:\/\/iremi.univ-reunion.fr\/?p=1627\">13 janvier 2026<\/a><\/time><\/div><\/div>\n\n<\/li><li class=\"wp-block-post post-1597 post type-post status-publish format-standard hentry category-concours-et-evenements tag-cycle-4 tag-lycee tag-resolution-de-problemes\">\n\n<div class=\"wp-block-group alignfull is-content-justification-space-between is-nowrap is-layout-flex wp-container-core-group-is-layout-2e0c9c2c wp-block-group-is-layout-flex\" style=\"border-bottom-color:var(--wp--preset--color--base);margin-top:0;margin-bottom:0;padding-top:var(--wp--preset--spacing--20);padding-bottom:0\"><h3 class=\"wp-block-post-title has-large-font-size\"><a href=\"https:\/\/iremi.univ-reunion.fr\/?p=1597\" target=\"_self\" >Sujet Rallye 974 Maths 2025<\/a><\/h3><\/div>\n\n\n\n<div class=\"wp-block-group is-nowrap is-layout-flex wp-container-core-group-is-layout-6c531013 wp-block-group-is-layout-flex\" style=\"border-top-style:none;border-top-width:0px;border-right-style:none;border-right-width:0px;border-bottom-width:1px;border-left-style:none;border-left-width:0px\"><div class=\"has-text-align-left wp-block-post-author-name\">Bruno Accot<\/div>\n\n<div class=\"has-text-align-right wp-block-post-date\"><time datetime=\"2026-01-13T16:02:39+04:00\"><a href=\"https:\/\/iremi.univ-reunion.fr\/?p=1597\">13 janvier 2026<\/a><\/time><\/div><\/div>\n\n<\/li><li class=\"wp-block-post post-1576 post type-post status-publish format-standard hentry category-concours-et-evenements tag-cycle-4 tag-lycee tag-resolution-de-problemes\">\n\n<div class=\"wp-block-group alignfull is-content-justification-space-between is-nowrap is-layout-flex wp-container-core-group-is-layout-2e0c9c2c wp-block-group-is-layout-flex\" style=\"border-bottom-color:var(--wp--preset--color--base);margin-top:0;margin-bottom:0;padding-top:var(--wp--preset--spacing--20);padding-bottom:0\"><h3 class=\"wp-block-post-title has-large-font-size\"><a href=\"https:\/\/iremi.univ-reunion.fr\/?p=1576\" target=\"_self\" >Sujet Rallye 974 Maths 2024<\/a><\/h3><\/div>\n\n\n\n<div class=\"wp-block-group is-nowrap is-layout-flex wp-container-core-group-is-layout-6c531013 wp-block-group-is-layout-flex\" style=\"border-top-style:none;border-top-width:0px;border-right-style:none;border-right-width:0px;border-bottom-width:1px;border-left-style:none;border-left-width:0px\"><div class=\"has-text-align-left wp-block-post-author-name\">Bruno Accot<\/div>\n\n<div class=\"has-text-align-right wp-block-post-date\"><time datetime=\"2026-01-13T15:46:31+04:00\"><a href=\"https:\/\/iremi.univ-reunion.fr\/?p=1576\">13 janvier 2026<\/a><\/time><\/div><\/div>\n\n<\/li><li class=\"wp-block-post post-1557 post type-post status-publish format-standard hentry category-concours-et-evenements tag-cycle-4 tag-lycee tag-resolution-de-problemes\">\n\n<div class=\"wp-block-group alignfull is-content-justification-space-between is-nowrap is-layout-flex wp-container-core-group-is-layout-2e0c9c2c wp-block-group-is-layout-flex\" style=\"border-bottom-color:var(--wp--preset--color--base);margin-top:0;margin-bottom:0;padding-top:var(--wp--preset--spacing--20);padding-bottom:0\"><h3 class=\"wp-block-post-title has-large-font-size\"><a href=\"https:\/\/iremi.univ-reunion.fr\/?p=1557\" target=\"_self\" >Sujet Rallye 974 Maths 2023<\/a><\/h3><\/div>\n\n\n\n<div class=\"wp-block-group is-nowrap is-layout-flex wp-container-core-group-is-layout-6c531013 wp-block-group-is-layout-flex\" style=\"border-top-style:none;border-top-width:0px;border-right-style:none;border-right-width:0px;border-bottom-width:1px;border-left-style:none;border-left-width:0px\"><div class=\"has-text-align-left wp-block-post-author-name\">Bruno Accot<\/div>\n\n<div class=\"has-text-align-right wp-block-post-date\"><time datetime=\"2026-01-13T15:32:15+04:00\"><a href=\"https:\/\/iremi.univ-reunion.fr\/?p=1557\">13 janvier 2026<\/a><\/time><\/div><\/div>\n\n<\/li><li class=\"wp-block-post post-1633 post type-post status-publish format-standard hentry category-concours-et-evenements tag-cycle-4 tag-lycee tag-resolution-de-problemes\">\n\n<div class=\"wp-block-group alignfull is-content-justification-space-between is-nowrap is-layout-flex wp-container-core-group-is-layout-2e0c9c2c wp-block-group-is-layout-flex\" style=\"border-bottom-color:var(--wp--preset--color--base);margin-top:0;margin-bottom:0;padding-top:var(--wp--preset--spacing--20);padding-bottom:0\"><h3 class=\"wp-block-post-title has-large-font-size\"><a href=\"https:\/\/iremi.univ-reunion.fr\/?p=1633\" target=\"_self\" >Sujet Rallye 974 Maths 2022<\/a><\/h3><\/div>\n\n\n\n<div class=\"wp-block-group is-nowrap is-layout-flex wp-container-core-group-is-layout-6c531013 wp-block-group-is-layout-flex\" style=\"border-top-style:none;border-top-width:0px;border-right-style:none;border-right-width:0px;border-bottom-width:1px;border-left-style:none;border-left-width:0px\"><div class=\"has-text-align-left wp-block-post-author-name\">Bruno Accot<\/div>\n\n<div class=\"has-text-align-right wp-block-post-date\"><time datetime=\"2026-01-13T15:00:31+04:00\"><a href=\"https:\/\/iremi.univ-reunion.fr\/?p=1633\">13 janvier 2026<\/a><\/time><\/div><\/div>\n\n<\/li><li class=\"wp-block-post post-1428 post type-post status-publish format-standard hentry category-concours-et-evenements\">\n\n<div class=\"wp-block-group alignfull is-content-justification-space-between is-nowrap is-layout-flex wp-container-core-group-is-layout-2e0c9c2c wp-block-group-is-layout-flex\" style=\"border-bottom-color:var(--wp--preset--color--base);margin-top:0;margin-bottom:0;padding-top:var(--wp--preset--spacing--20);padding-bottom:0\"><h3 class=\"wp-block-post-title has-large-font-size\"><a href=\"https:\/\/iremi.univ-reunion.fr\/?p=1428\" target=\"_self\" >Camp ZAB\u00c8Y<\/a><\/h3><\/div>\n\n\n\n<div class=\"wp-block-group is-nowrap is-layout-flex wp-container-core-group-is-layout-6c531013 wp-block-group-is-layout-flex\" style=\"border-top-style:none;border-top-width:0px;border-right-style:none;border-right-width:0px;border-bottom-width:1px;border-left-style:none;border-left-width:0px\"><div class=\"has-text-align-left wp-block-post-author-name\">Marion Le Gonidec<\/div>\n\n<div class=\"has-text-align-right wp-block-post-date\"><time datetime=\"2025-11-13T14:11:59+04:00\"><a href=\"https:\/\/iremi.univ-reunion.fr\/?p=1428\">13 novembre 2025<\/a><\/time><\/div><\/div>\n\n<\/li><li class=\"wp-block-post post-452 post type-post status-publish format-standard has-post-thumbnail hentry category-annales category-concours-et-evenements category-continuum-des-apprentissages tag-college tag-lycee tag-narration-de-recherche tag-rallye tag-resolution-de-problemes\">\n\n<div class=\"wp-block-group alignfull is-content-justification-space-between is-nowrap is-layout-flex wp-container-core-group-is-layout-2e0c9c2c wp-block-group-is-layout-flex\" style=\"border-bottom-color:var(--wp--preset--color--base);margin-top:0;margin-bottom:0;padding-top:var(--wp--preset--spacing--20);padding-bottom:0\"><h3 class=\"wp-block-post-title has-large-font-size\"><a href=\"https:\/\/iremi.univ-reunion.fr\/?p=452\" target=\"_self\" >Le guide \u00ab\u00a0Rallye 974 Maths \u2013 Cl\u00e9 en main\u00a0\u00bb<\/a><\/h3><\/div>\n\n\n\n<div class=\"wp-block-group is-nowrap is-layout-flex wp-container-core-group-is-layout-6c531013 wp-block-group-is-layout-flex\" style=\"border-top-style:none;border-top-width:0px;border-right-style:none;border-right-width:0px;border-bottom-width:1px;border-left-style:none;border-left-width:0px\"><div class=\"has-text-align-left wp-block-post-author-name\">Florian Tob\u00e9<\/div>\n\n<div class=\"has-text-align-right wp-block-post-date\"><time datetime=\"2025-06-11T12:29:54+04:00\"><a href=\"https:\/\/iremi.univ-reunion.fr\/?p=452\">11 juin 2025<\/a><\/time><\/div><\/div>\n\n<\/li><li class=\"wp-block-post post-350 post type-post status-publish format-standard hentry category-algorithmes-programmation-et-langages category-concours-et-evenements tag-nsi tag-olympiades\">\n\n<div class=\"wp-block-group alignfull is-content-justification-space-between is-nowrap is-layout-flex wp-container-core-group-is-layout-2e0c9c2c wp-block-group-is-layout-flex\" style=\"border-bottom-color:var(--wp--preset--color--base);margin-top:0;margin-bottom:0;padding-top:var(--wp--preset--spacing--20);padding-bottom:0\"><h3 class=\"wp-block-post-title has-large-font-size\"><a href=\"https:\/\/iremi.univ-reunion.fr\/?p=350\" target=\"_self\" >OIOI 2025-  Deuxi\u00e8mes Olympiades de NSI de l&rsquo;Oc\u00e9an Indien<\/a><\/h3><\/div>\n\n\n\n<div class=\"wp-block-group is-nowrap is-layout-flex wp-container-core-group-is-layout-6c531013 wp-block-group-is-layout-flex\" style=\"border-top-style:none;border-top-width:0px;border-right-style:none;border-right-width:0px;border-bottom-width:1px;border-left-style:none;border-left-width:0px\"><div class=\"has-text-align-left wp-block-post-author-name\">Marion Le Gonidec<\/div>\n\n<div class=\"has-text-align-right wp-block-post-date\"><time datetime=\"2025-05-26T10:52:06+04:00\"><a href=\"https:\/\/iremi.univ-reunion.fr\/?p=350\">26 mai 2025<\/a><\/time><\/div><\/div>\n\n<\/li><li class=\"wp-block-post post-404 post type-post status-publish format-standard has-post-thumbnail hentry category-concours-et-evenements category-contextualiser-les-apprentissages category-jeux-mathematiques tag-cycle-1 tag-cycle-2 tag-cycle-3 tag-cycle-4 tag-manipulation tag-mathnipulez\">\n\n<div class=\"wp-block-group alignfull is-content-justification-space-between is-nowrap is-layout-flex wp-container-core-group-is-layout-2e0c9c2c wp-block-group-is-layout-flex\" style=\"border-bottom-color:var(--wp--preset--color--base);margin-top:0;margin-bottom:0;padding-top:var(--wp--preset--spacing--20);padding-bottom:0\"><h3 class=\"wp-block-post-title has-large-font-size\"><a href=\"https:\/\/iremi.univ-reunion.fr\/?p=404\" target=\"_self\" >Forum Ma(th)nipulez !<\/a><\/h3><\/div>\n\n\n\n<div class=\"wp-block-group is-nowrap is-layout-flex wp-container-core-group-is-layout-6c531013 wp-block-group-is-layout-flex\" style=\"border-top-style:none;border-top-width:0px;border-right-style:none;border-right-width:0px;border-bottom-width:1px;border-left-style:none;border-left-width:0px\"><div class=\"has-text-align-left wp-block-post-author-name\">Karim BOUASLA<\/div>\n\n<div class=\"has-text-align-right wp-block-post-date\"><time datetime=\"2025-02-12T09:17:40+04:00\"><a href=\"https:\/\/iremi.univ-reunion.fr\/?p=404\">12 f\u00e9vrier 2025<\/a><\/time><\/div><\/div>\n\n<\/li><li class=\"wp-block-post post-1125 post type-post status-publish format-standard has-post-thumbnail hentry category-arithmetique-et-algebre category-concours-et-evenements category-jeux-mathematiques tag-cycle-2 tag-cycle-3 tag-snt\">\n\n<div class=\"wp-block-group alignfull is-content-justification-space-between is-nowrap is-layout-flex wp-container-core-group-is-layout-2e0c9c2c wp-block-group-is-layout-flex\" style=\"border-bottom-color:var(--wp--preset--color--base);margin-top:0;margin-bottom:0;padding-top:var(--wp--preset--spacing--20);padding-bottom:0\"><h3 class=\"wp-block-post-title has-large-font-size\"><a href=\"https:\/\/iremi.univ-reunion.fr\/?p=1125\" target=\"_self\" >Tournois de jeux math\u00e9matiques \u00e0 deux joueurs<\/a><\/h3><\/div>\n\n\n\n<div class=\"wp-block-group is-nowrap is-layout-flex wp-container-core-group-is-layout-6c531013 wp-block-group-is-layout-flex\" style=\"border-top-style:none;border-top-width:0px;border-right-style:none;border-right-width:0px;border-bottom-width:1px;border-left-style:none;border-left-width:0px\"><div class=\"has-text-align-left wp-block-post-author-name\">Alain BUSSER<\/div>\n\n<div class=\"has-text-align-right wp-block-post-date\"><time datetime=\"2023-04-18T08:41:00+04:00\"><a href=\"https:\/\/iremi.univ-reunion.fr\/?p=1125\">18 avril 2023<\/a><\/time><\/div><\/div>\n\n<\/li><\/ul><\/div>\n<\/div>\n","protected":false},"excerpt":{"rendered":"<p>liste des publications de la cat\u00e9gorie Concours et \u00e9v\u00e8nements<\/p>\n","protected":false},"author":2,"featured_media":0,"parent":0,"menu_order":0,"comment_status":"closed","ping_status":"closed","template":"","meta":{"footnotes":""},"coauthors":[],"class_list":["post-233","page","type-page","status-publish","hentry"],"_links":{"self":[{"href":"https:\/\/iremi.univ-reunion.fr\/index.php?rest_route=\/wp\/v2\/pages\/233","targetHints":{"allow":["GET"]}}],"collection":[{"href":"https:\/\/iremi.univ-reunion.fr\/index.php?rest_route=\/wp\/v2\/pages"}],"about":[{"href":"https:\/\/iremi.univ-reunion.fr\/index.php?rest_route=\/wp\/v2\/types\/page"}],"author":[{"embeddable":true,"href":"https:\/\/iremi.univ-reunion.fr\/index.php?rest_route=\/wp\/v2\/users\/2"}],"replies":[{"embeddable":true,"href":"https:\/\/iremi.univ-reunion.fr\/index.php?rest_route=%2Fwp%2Fv2%2Fcomments&post=233"}],"version-history":[{"count":2,"href":"https:\/\/iremi.univ-reunion.fr\/index.php?rest_route=\/wp\/v2\/pages\/233\/revisions"}],"predecessor-version":[{"id":871,"href":"https:\/\/iremi.univ-reunion.fr\/index.php?rest_route=\/wp\/v2\/pages\/233\/revisions\/871"}],"wp:attachment":[{"href":"https:\/\/iremi.univ-reunion.fr\/index.php?rest_route=%2Fwp%2Fv2%2Fmedia&parent=233"}],"wp:term":[{"taxonomy":"author","embeddable":true,"href":"https:\/\/iremi.univ-reunion.fr\/index.php?rest_route=%2Fwp%2Fv2%2Fcoauthors&post=233"}],"curies":[{"name":"wp","href":"https:\/\/api.w.org\/{rel}","templated":true}]}}