{"id":230,"date":"2025-04-09T17:01:27","date_gmt":"2025-04-09T13:01:27","guid":{"rendered":"https:\/\/iremi2024.univ.run\/?page_id=230"},"modified":"2025-06-19T13:42:09","modified_gmt":"2025-06-19T09:42:09","slug":"outils-numeriques","status":"publish","type":"page","link":"https:\/\/iremi.univ-reunion.fr\/?page_id=230","title":{"rendered":"Outils num\u00e9riques"},"content":{"rendered":"\n<div class=\"wp-block-group alignwide has-global-padding is-layout-constrained wp-block-group-is-layout-constrained\" style=\"padding-top:var(--wp--preset--spacing--60);padding-bottom:var(--wp--preset--spacing--60)\">\n<h2 class=\"wp-block-heading alignwide has-small-font-size\" style=\"font-style:normal;font-weight:700;letter-spacing:1.4px;text-transform:uppercase\">Liste des publications de la cat\u00e9gorie Outils num\u00e9riques<\/h2>\n\n\n\n<div class=\"wp-block-query alignwide is-layout-flow wp-block-query-is-layout-flow\"><ul class=\"alignfull wp-block-post-template is-layout-flow wp-container-core-post-template-is-layout-3ee800f6 wp-block-post-template-is-layout-flow\"><li class=\"wp-block-post post-1143 post type-post status-publish format-standard hentry category-outils-numeriques tag-cycle-3 tag-cycle-4 tag-superieur tag-geogebra tag-latex tag-lycee tag-outil-numerique\">\n\n<div class=\"wp-block-group alignfull is-content-justification-space-between is-nowrap is-layout-flex wp-container-core-group-is-layout-2e0c9c2c wp-block-group-is-layout-flex\" style=\"border-bottom-color:var(--wp--preset--color--base);margin-top:0;margin-bottom:0;padding-top:var(--wp--preset--spacing--20);padding-bottom:0\"><h3 class=\"wp-block-post-title has-large-font-size\"><a href=\"https:\/\/iremi.univ-reunion.fr\/?p=1143\" target=\"_self\" >PLUME: Un outil unique (et facile!) pour r\u00e9diger \u00e0 l&rsquo;attention des profs de math&#8230;<\/a><\/h3><\/div>\n\n\n\n<div class=\"wp-block-group is-nowrap is-layout-flex wp-container-core-group-is-layout-6c531013 wp-block-group-is-layout-flex\" style=\"border-top-style:none;border-top-width:0px;border-right-style:none;border-right-width:0px;border-bottom-width:1px;border-left-style:none;border-left-width:0px\"><div class=\"has-text-align-left wp-block-post-author-name\">Marion Le Gonidec<\/div>\n\n<div class=\"has-text-align-right wp-block-post-date\"><time datetime=\"2025-06-30T13:10:35+04:00\"><a href=\"https:\/\/iremi.univ-reunion.fr\/?p=1143\">30 juin 2025<\/a><\/time><\/div><\/div>\n\n<\/li><li class=\"wp-block-post post-1128 post type-post status-publish format-standard hentry category-outils-numeriques tag-ia\">\n\n<div class=\"wp-block-group alignfull is-content-justification-space-between is-nowrap is-layout-flex wp-container-core-group-is-layout-2e0c9c2c wp-block-group-is-layout-flex\" style=\"border-bottom-color:var(--wp--preset--color--base);margin-top:0;margin-bottom:0;padding-top:var(--wp--preset--spacing--20);padding-bottom:0\"><h3 class=\"wp-block-post-title has-large-font-size\"><a href=\"https:\/\/iremi.univ-reunion.fr\/?p=1128\" target=\"_self\" >IA et enseignement : dialogue avec ChatGPT<\/a><\/h3><\/div>\n\n\n\n<div class=\"wp-block-group is-nowrap is-layout-flex wp-container-core-group-is-layout-6c531013 wp-block-group-is-layout-flex\" style=\"border-top-style:none;border-top-width:0px;border-right-style:none;border-right-width:0px;border-bottom-width:1px;border-left-style:none;border-left-width:0px\"><div class=\"has-text-align-left wp-block-post-author-name\">Christophe Declercq<\/div>\n\n<div class=\"has-text-align-right wp-block-post-date\"><time datetime=\"2025-02-17T09:54:44+04:00\"><a href=\"https:\/\/iremi.univ-reunion.fr\/?p=1128\">17 f\u00e9vrier 2025<\/a><\/time><\/div><\/div>\n\n<\/li><li class=\"wp-block-post post-1026 post type-post status-publish format-standard hentry category-outils-numeriques tag-snt\">\n\n<div class=\"wp-block-group alignfull is-content-justification-space-between is-nowrap is-layout-flex wp-container-core-group-is-layout-2e0c9c2c wp-block-group-is-layout-flex\" style=\"border-bottom-color:var(--wp--preset--color--base);margin-top:0;margin-bottom:0;padding-top:var(--wp--preset--spacing--20);padding-bottom:0\"><h3 class=\"wp-block-post-title has-large-font-size\"><a href=\"https:\/\/iremi.univ-reunion.fr\/?p=1026\" target=\"_self\" >Calcul du lieu et de l\u2019heure du passage du soleil au z\u00e9nith : une activit\u00e9 pour SNT dans les lyc\u00e9es de la zone inter-tropicale<\/a><\/h3><\/div>\n\n\n\n<div class=\"wp-block-group is-nowrap is-layout-flex wp-container-core-group-is-layout-6c531013 wp-block-group-is-layout-flex\" style=\"border-top-style:none;border-top-width:0px;border-right-style:none;border-right-width:0px;border-bottom-width:1px;border-left-style:none;border-left-width:0px\"><div class=\"has-text-align-left wp-block-post-author-name\">Christophe Declercq<\/div>\n\n<div class=\"has-text-align-right wp-block-post-date\"><time datetime=\"2021-11-24T11:30:00+04:00\"><a href=\"https:\/\/iremi.univ-reunion.fr\/?p=1026\">24 novembre 2021<\/a><\/time><\/div><\/div>\n\n<\/li><li class=\"wp-block-post post-617 post type-post status-publish format-standard has-post-thumbnail hentry category-arithmetique-et-algebre category-contextualiser-les-apprentissages category-continuum-des-apprentissages category-machines-information-codage category-outils-numeriques tag-cycle-2 tag-cycle-3 tag-histoire-des-mathematiques tag-manipulation tag-mathnipulez tag-resolution-de-problemes\">\n\n<div class=\"wp-block-group alignfull is-content-justification-space-between is-nowrap is-layout-flex wp-container-core-group-is-layout-2e0c9c2c wp-block-group-is-layout-flex\" style=\"border-bottom-color:var(--wp--preset--color--base);margin-top:0;margin-bottom:0;padding-top:var(--wp--preset--spacing--20);padding-bottom:0\"><h3 class=\"wp-block-post-title has-large-font-size\"><a href=\"https:\/\/iremi.univ-reunion.fr\/?p=617\" target=\"_self\" >Abaque de Gerbert<\/a><\/h3><\/div>\n\n\n\n<div class=\"wp-block-group is-nowrap is-layout-flex wp-container-core-group-is-layout-6c531013 wp-block-group-is-layout-flex\" style=\"border-top-style:none;border-top-width:0px;border-right-style:none;border-right-width:0px;border-bottom-width:1px;border-left-style:none;border-left-width:0px\"><div class=\"has-text-align-left wp-block-post-author-name\">Alain BUSSER<\/div>\n\n<div class=\"has-text-align-right wp-block-post-date\"><time datetime=\"2018-09-01T16:50:00+04:00\"><a href=\"https:\/\/iremi.univ-reunion.fr\/?p=617\">1 septembre 2018<\/a><\/time><\/div><\/div>\n\n<\/li><li class=\"wp-block-post post-538 post type-post status-publish format-standard has-post-thumbnail hentry category-algorithmes-programmation-et-langages category-machines-information-codage category-outils-numeriques tag-lycee tag-resolution-de-problemes\">\n\n<div class=\"wp-block-group alignfull is-content-justification-space-between is-nowrap is-layout-flex wp-container-core-group-is-layout-2e0c9c2c wp-block-group-is-layout-flex\" style=\"border-bottom-color:var(--wp--preset--color--base);margin-top:0;margin-bottom:0;padding-top:var(--wp--preset--spacing--20);padding-bottom:0\"><h3 class=\"wp-block-post-title has-large-font-size\"><a href=\"https:\/\/iremi.univ-reunion.fr\/?p=538\" target=\"_self\" >Alcoffeethmique<\/a><\/h3><\/div>\n\n\n\n<div class=\"wp-block-group is-nowrap is-layout-flex wp-container-core-group-is-layout-6c531013 wp-block-group-is-layout-flex\" style=\"border-top-style:none;border-top-width:0px;border-right-style:none;border-right-width:0px;border-bottom-width:1px;border-left-style:none;border-left-width:0px\"><div class=\"has-text-align-left wp-block-post-author-name\">Alain BUSSER<\/div>\n\n<div class=\"has-text-align-right wp-block-post-date\"><time datetime=\"2013-06-13T06:08:00+04:00\"><a href=\"https:\/\/iremi.univ-reunion.fr\/?p=538\">13 juin 2013<\/a><\/time><\/div><\/div>\n\n<\/li><\/ul><\/div>\n<\/div>\n","protected":false},"excerpt":{"rendered":"<p>Liste des publications de la cat\u00e9gorie Outils num\u00e9riques<\/p>\n","protected":false},"author":2,"featured_media":0,"parent":0,"menu_order":0,"comment_status":"closed","ping_status":"closed","template":"","meta":{"footnotes":""},"coauthors":[],"class_list":["post-230","page","type-page","status-publish","hentry"],"_links":{"self":[{"href":"https:\/\/iremi.univ-reunion.fr\/index.php?rest_route=\/wp\/v2\/pages\/230","targetHints":{"allow":["GET"]}}],"collection":[{"href":"https:\/\/iremi.univ-reunion.fr\/index.php?rest_route=\/wp\/v2\/pages"}],"about":[{"href":"https:\/\/iremi.univ-reunion.fr\/index.php?rest_route=\/wp\/v2\/types\/page"}],"author":[{"embeddable":true,"href":"https:\/\/iremi.univ-reunion.fr\/index.php?rest_route=\/wp\/v2\/users\/2"}],"replies":[{"embeddable":true,"href":"https:\/\/iremi.univ-reunion.fr\/index.php?rest_route=%2Fwp%2Fv2%2Fcomments&post=230"}],"version-history":[{"count":2,"href":"https:\/\/iremi.univ-reunion.fr\/index.php?rest_route=\/wp\/v2\/pages\/230\/revisions"}],"predecessor-version":[{"id":877,"href":"https:\/\/iremi.univ-reunion.fr\/index.php?rest_route=\/wp\/v2\/pages\/230\/revisions\/877"}],"wp:attachment":[{"href":"https:\/\/iremi.univ-reunion.fr\/index.php?rest_route=%2Fwp%2Fv2%2Fmedia&parent=230"}],"wp:term":[{"taxonomy":"author","embeddable":true,"href":"https:\/\/iremi.univ-reunion.fr\/index.php?rest_route=%2Fwp%2Fv2%2Fcoauthors&post=230"}],"curies":[{"name":"wp","href":"https:\/\/api.w.org\/{rel}","templated":true}]}}