{"id":213,"date":"2025-04-09T16:48:45","date_gmt":"2025-04-09T12:48:45","guid":{"rendered":"https:\/\/iremi2024.univ.run\/?page_id=213"},"modified":"2025-06-19T13:39:55","modified_gmt":"2025-06-19T09:39:55","slug":"continuum-des-apprentissages","status":"publish","type":"page","link":"https:\/\/iremi.univ-reunion.fr\/?page_id=213","title":{"rendered":"Continuum des apprentissages"},"content":{"rendered":"\n<div class=\"wp-block-group alignwide has-global-padding is-layout-constrained wp-block-group-is-layout-constrained\" style=\"padding-top:var(--wp--preset--spacing--60);padding-bottom:var(--wp--preset--spacing--60)\">\n<h2 class=\"wp-block-heading alignwide has-small-font-size\" style=\"font-style:normal;font-weight:700;letter-spacing:1.4px;text-transform:uppercase\">liste des publications de la cat\u00e9gorie Continuum des apprentissages<\/h2>\n\n\n\n<div class=\"wp-block-query alignwide is-layout-flow wp-block-query-is-layout-flow\"><ul class=\"alignfull wp-block-post-template is-layout-flow wp-container-core-post-template-is-layout-3ee800f6 wp-block-post-template-is-layout-flow\"><li class=\"wp-block-post post-1727 post type-post status-publish format-standard hentry category-contextualiser-les-apprentissages category-continuum-des-apprentissages category-jeux-mathematiques category-les-ateliers tag-cartes tag-cycle-1 tag-cycle-2 tag-cycle-3 tag-cycle-4 tag-jeux tag-manipulation tag-proportionnalite tag-resolution-de-problemes tag-triptyque\">\n\n<div class=\"wp-block-group alignfull is-content-justification-space-between is-nowrap is-layout-flex wp-container-core-group-is-layout-2e0c9c2c wp-block-group-is-layout-flex\" style=\"border-bottom-color:var(--wp--preset--color--base);margin-top:0;margin-bottom:0;padding-top:var(--wp--preset--spacing--20);padding-bottom:0\"><h3 class=\"wp-block-post-title has-large-font-size\"><a href=\"https:\/\/iremi.univ-reunion.fr\/?p=1727\" target=\"_self\" >De la verbalisation en Math\u00e9matiques<\/a><\/h3><\/div>\n\n\n\n<div class=\"wp-block-group is-nowrap is-layout-flex wp-container-core-group-is-layout-6c531013 wp-block-group-is-layout-flex\" style=\"border-top-style:none;border-top-width:0px;border-right-style:none;border-right-width:0px;border-bottom-width:1px;border-left-style:none;border-left-width:0px\"><div class=\"has-text-align-left wp-block-post-author-name\">Vincent Dambreville<\/div>\n\n<div class=\"has-text-align-right wp-block-post-date\"><time datetime=\"2026-02-11T10:09:59+04:00\"><a href=\"https:\/\/iremi.univ-reunion.fr\/?p=1727\">11 f\u00e9vrier 2026<\/a><\/time><\/div><\/div>\n\n<\/li><li class=\"wp-block-post post-1693 post type-post status-publish format-standard hentry category-contextualiser-les-apprentissages category-continuum-des-apprentissages category-les-ateliers category-non-classe tag-comprehension tag-cycle-2 tag-cycle-3 tag-cycle-4 tag-francais tag-production-decrits tag-resolution-de-problemes\">\n\n<div class=\"wp-block-group alignfull is-content-justification-space-between is-nowrap is-layout-flex wp-container-core-group-is-layout-2e0c9c2c wp-block-group-is-layout-flex\" style=\"border-bottom-color:var(--wp--preset--color--base);margin-top:0;margin-bottom:0;padding-top:var(--wp--preset--spacing--20);padding-bottom:0\"><h3 class=\"wp-block-post-title has-large-font-size\"><a href=\"https:\/\/iremi.univ-reunion.fr\/?p=1693\" target=\"_self\" >la Corolle Lexicale<\/a><\/h3><\/div>\n\n\n\n<div class=\"wp-block-group is-nowrap is-layout-flex wp-container-core-group-is-layout-6c531013 wp-block-group-is-layout-flex\" style=\"border-top-style:none;border-top-width:0px;border-right-style:none;border-right-width:0px;border-bottom-width:1px;border-left-style:none;border-left-width:0px\"><div class=\"has-text-align-left wp-block-post-author-name\">Vincent Dambreville<\/div>\n\n<div class=\"has-text-align-right wp-block-post-date\"><time datetime=\"2026-02-10T14:27:33+04:00\"><a href=\"https:\/\/iremi.univ-reunion.fr\/?p=1693\">10 f\u00e9vrier 2026<\/a><\/time><\/div><\/div>\n\n<\/li><li class=\"wp-block-post post-1685 post type-post status-publish format-standard hentry category-contextualiser-les-apprentissages category-continuum-des-apprentissages category-les-ateliers category-non-classe tag-comprehension tag-cycle-3 tag-cycle-4 tag-francais tag-production-decrits\">\n\n<div class=\"wp-block-group alignfull is-content-justification-space-between is-nowrap is-layout-flex wp-container-core-group-is-layout-2e0c9c2c wp-block-group-is-layout-flex\" style=\"border-bottom-color:var(--wp--preset--color--base);margin-top:0;margin-bottom:0;padding-top:var(--wp--preset--spacing--20);padding-bottom:0\"><h3 class=\"wp-block-post-title has-large-font-size\"><a href=\"https:\/\/iremi.univ-reunion.fr\/?p=1685\" target=\"_self\" >Lecture \u00e0 d\u00e9voilement progressif<\/a><\/h3><\/div>\n\n\n\n<div class=\"wp-block-group is-nowrap is-layout-flex wp-container-core-group-is-layout-6c531013 wp-block-group-is-layout-flex\" style=\"border-top-style:none;border-top-width:0px;border-right-style:none;border-right-width:0px;border-bottom-width:1px;border-left-style:none;border-left-width:0px\"><div class=\"has-text-align-left wp-block-post-author-name\">Vincent Dambreville<\/div>\n\n<div class=\"has-text-align-right wp-block-post-date\"><time datetime=\"2026-02-10T14:13:58+04:00\"><a href=\"https:\/\/iremi.univ-reunion.fr\/?p=1685\">10 f\u00e9vrier 2026<\/a><\/time><\/div><\/div>\n\n<\/li><li class=\"wp-block-post post-1310 post type-post status-publish format-standard has-post-thumbnail hentry category-contextualiser-les-apprentissages category-continuum-des-apprentissages tag-cycle-3 tag-guide-de-survie\">\n\n<div class=\"wp-block-group alignfull is-content-justification-space-between is-nowrap is-layout-flex wp-container-core-group-is-layout-2e0c9c2c wp-block-group-is-layout-flex\" style=\"border-bottom-color:var(--wp--preset--color--base);margin-top:0;margin-bottom:0;padding-top:var(--wp--preset--spacing--20);padding-bottom:0\"><h3 class=\"wp-block-post-title has-large-font-size\"><a href=\"https:\/\/iremi.univ-reunion.fr\/?p=1310\" target=\"_self\" >Nouveau guide de survie cycle 3<\/a><\/h3><\/div>\n\n\n\n<div class=\"wp-block-group is-nowrap is-layout-flex wp-container-core-group-is-layout-6c531013 wp-block-group-is-layout-flex\" style=\"border-top-style:none;border-top-width:0px;border-right-style:none;border-right-width:0px;border-bottom-width:1px;border-left-style:none;border-left-width:0px\"><div class=\"has-text-align-left wp-block-post-author-name\">Karim BOUASLA<\/div>\n\n<div class=\"has-text-align-right wp-block-post-date\"><time datetime=\"2025-09-20T21:22:18+04:00\"><a href=\"https:\/\/iremi.univ-reunion.fr\/?p=1310\">20 septembre 2025<\/a><\/time><\/div><\/div>\n\n<\/li><li class=\"wp-block-post post-1097 post type-post status-publish format-standard has-post-thumbnail hentry category-continuum-des-apprentissages category-probabilites tag-bts tag-cycle-2 tag-cycle-3 tag-cycle-4 tag-heuristique tag-logique tag-lycee tag-resolution-de-problemes\">\n\n<div class=\"wp-block-group alignfull is-content-justification-space-between is-nowrap is-layout-flex wp-container-core-group-is-layout-2e0c9c2c wp-block-group-is-layout-flex\" style=\"border-bottom-color:var(--wp--preset--color--base);margin-top:0;margin-bottom:0;padding-top:var(--wp--preset--spacing--20);padding-bottom:0\"><h3 class=\"wp-block-post-title has-large-font-size\"><a href=\"https:\/\/iremi.univ-reunion.fr\/?p=1097\" target=\"_self\" >La r\u00e9solution de probl\u00e8mes selon Polya<\/a><\/h3><\/div>\n\n\n\n<div class=\"wp-block-group is-nowrap is-layout-flex wp-container-core-group-is-layout-6c531013 wp-block-group-is-layout-flex\" style=\"border-top-style:none;border-top-width:0px;border-right-style:none;border-right-width:0px;border-bottom-width:1px;border-left-style:none;border-left-width:0px\"><div class=\"has-text-align-left wp-block-post-author-name\">Alain BUSSER<\/div>\n\n<div class=\"has-text-align-right wp-block-post-date\"><time datetime=\"2025-06-29T21:09:10+04:00\"><a href=\"https:\/\/iremi.univ-reunion.fr\/?p=1097\">29 juin 2025<\/a><\/time><\/div><\/div>\n\n<\/li><li class=\"wp-block-post post-1031 post type-post status-publish format-standard hentry category-algorithmes-programmation-et-langages category-continuum-des-apprentissages tag-cycle-4\">\n\n<div class=\"wp-block-group alignfull is-content-justification-space-between is-nowrap is-layout-flex wp-container-core-group-is-layout-2e0c9c2c wp-block-group-is-layout-flex\" style=\"border-bottom-color:var(--wp--preset--color--base);margin-top:0;margin-bottom:0;padding-top:var(--wp--preset--spacing--20);padding-bottom:0\"><h3 class=\"wp-block-post-title has-large-font-size\"><a href=\"https:\/\/iremi.univ-reunion.fr\/?p=1031\" target=\"_self\" >Contribution \u00e0 l\u2019analyse de la partie \u201cpens\u00e9e informatique\u201d du projet de programme de math\u00e9matiques pour le cycle 4<\/a><\/h3><\/div>\n\n\n\n<div class=\"wp-block-group is-nowrap is-layout-flex wp-container-core-group-is-layout-6c531013 wp-block-group-is-layout-flex\" style=\"border-top-style:none;border-top-width:0px;border-right-style:none;border-right-width:0px;border-bottom-width:1px;border-left-style:none;border-left-width:0px\"><div class=\"has-text-align-left wp-block-post-author-name\">Christophe Declercq<\/div>\n\n<div class=\"has-text-align-right wp-block-post-date\"><time datetime=\"2025-06-24T13:25:10+04:00\"><a href=\"https:\/\/iremi.univ-reunion.fr\/?p=1031\">24 juin 2025<\/a><\/time><\/div><\/div>\n\n<\/li><li class=\"wp-block-post post-641 post type-post status-publish format-standard hentry category-continuum-des-apprentissages tag-automatismes tag-cycle-4 tag-questions-flash\">\n\n<div class=\"wp-block-group alignfull is-content-justification-space-between is-nowrap is-layout-flex wp-container-core-group-is-layout-2e0c9c2c wp-block-group-is-layout-flex\" style=\"border-bottom-color:var(--wp--preset--color--base);margin-top:0;margin-bottom:0;padding-top:var(--wp--preset--spacing--20);padding-bottom:0\"><h3 class=\"wp-block-post-title has-large-font-size\"><a href=\"https:\/\/iremi.univ-reunion.fr\/?p=641\" target=\"_self\" >D\u00e9velopper les automatismes au coll\u00e8ge<\/a><\/h3><\/div>\n\n\n\n<div class=\"wp-block-group is-nowrap is-layout-flex wp-container-core-group-is-layout-6c531013 wp-block-group-is-layout-flex\" style=\"border-top-style:none;border-top-width:0px;border-right-style:none;border-right-width:0px;border-bottom-width:1px;border-left-style:none;border-left-width:0px\"><div class=\"has-text-align-left wp-block-post-author-name\">Karim BOUASLA<\/div>\n\n<div class=\"has-text-align-right wp-block-post-date\"><time datetime=\"2025-06-15T14:09:48+04:00\"><a href=\"https:\/\/iremi.univ-reunion.fr\/?p=641\">15 juin 2025<\/a><\/time><\/div><\/div>\n\n<\/li><li class=\"wp-block-post post-452 post type-post status-publish format-standard has-post-thumbnail hentry category-annales category-concours-et-evenements category-continuum-des-apprentissages tag-college tag-lycee tag-narration-de-recherche tag-rallye tag-resolution-de-problemes\">\n\n<div class=\"wp-block-group alignfull is-content-justification-space-between is-nowrap is-layout-flex wp-container-core-group-is-layout-2e0c9c2c wp-block-group-is-layout-flex\" style=\"border-bottom-color:var(--wp--preset--color--base);margin-top:0;margin-bottom:0;padding-top:var(--wp--preset--spacing--20);padding-bottom:0\"><h3 class=\"wp-block-post-title has-large-font-size\"><a href=\"https:\/\/iremi.univ-reunion.fr\/?p=452\" target=\"_self\" >Le guide \u00ab\u00a0Rallye 974 Maths \u2013 Cl\u00e9 en main\u00a0\u00bb<\/a><\/h3><\/div>\n\n\n\n<div class=\"wp-block-group is-nowrap is-layout-flex wp-container-core-group-is-layout-6c531013 wp-block-group-is-layout-flex\" style=\"border-top-style:none;border-top-width:0px;border-right-style:none;border-right-width:0px;border-bottom-width:1px;border-left-style:none;border-left-width:0px\"><div class=\"has-text-align-left wp-block-post-author-name\">Florian Tob\u00e9<\/div>\n\n<div class=\"has-text-align-right wp-block-post-date\"><time datetime=\"2025-06-11T12:29:54+04:00\"><a href=\"https:\/\/iremi.univ-reunion.fr\/?p=452\">11 juin 2025<\/a><\/time><\/div><\/div>\n\n<\/li><li class=\"wp-block-post post-783 post type-post status-publish format-standard hentry category-continuum-des-apprentissages category-jeux-mathematiques tag-automatismes tag-cycle-3 tag-cycle-4 tag-flashcards tag-jeux\">\n\n<div class=\"wp-block-group alignfull is-content-justification-space-between is-nowrap is-layout-flex wp-container-core-group-is-layout-2e0c9c2c wp-block-group-is-layout-flex\" style=\"border-bottom-color:var(--wp--preset--color--base);margin-top:0;margin-bottom:0;padding-top:var(--wp--preset--spacing--20);padding-bottom:0\"><h3 class=\"wp-block-post-title has-large-font-size\"><a href=\"https:\/\/iremi.univ-reunion.fr\/?p=783\" target=\"_self\" >La Course Automaths &amp; Flashcards<\/a><\/h3><\/div>\n\n\n\n<div class=\"wp-block-group is-nowrap is-layout-flex wp-container-core-group-is-layout-6c531013 wp-block-group-is-layout-flex\" style=\"border-top-style:none;border-top-width:0px;border-right-style:none;border-right-width:0px;border-bottom-width:1px;border-left-style:none;border-left-width:0px\"><div class=\"has-text-align-left wp-block-post-author-name\">Karim BOUASLA<\/div>\n\n<div class=\"has-text-align-right wp-block-post-date\"><time datetime=\"2024-06-17T16:32:00+04:00\"><a href=\"https:\/\/iremi.univ-reunion.fr\/?p=783\">17 juin 2024<\/a><\/time><\/div><\/div>\n\n<\/li><li class=\"wp-block-post post-438 post type-post status-publish format-standard hentry category-continuum-des-apprentissages tag-3eme tag-automatismes tag-cycle-4 tag-resolution-de-problemes\">\n\n<div class=\"wp-block-group alignfull is-content-justification-space-between is-nowrap is-layout-flex wp-container-core-group-is-layout-2e0c9c2c wp-block-group-is-layout-flex\" style=\"border-bottom-color:var(--wp--preset--color--base);margin-top:0;margin-bottom:0;padding-top:var(--wp--preset--spacing--20);padding-bottom:0\"><h3 class=\"wp-block-post-title has-large-font-size\"><a href=\"https:\/\/iremi.univ-reunion.fr\/?p=438\" target=\"_self\" >Des automatismes \u00e0 la r\u00e9solution de probl\u00e8mes en 3\u00e8me<\/a><\/h3><\/div>\n\n\n\n<div class=\"wp-block-group is-nowrap is-layout-flex wp-container-core-group-is-layout-6c531013 wp-block-group-is-layout-flex\" style=\"border-top-style:none;border-top-width:0px;border-right-style:none;border-right-width:0px;border-bottom-width:1px;border-left-style:none;border-left-width:0px\"><div class=\"has-text-align-left wp-block-post-author-name\">Karim BOUASLA<\/div>\n\n<div class=\"has-text-align-right wp-block-post-date\"><time datetime=\"2024-06-11T10:27:00+04:00\"><a href=\"https:\/\/iremi.univ-reunion.fr\/?p=438\">11 juin 2024<\/a><\/time><\/div><\/div>\n\n<\/li><li class=\"wp-block-post post-619 post type-post status-publish format-standard has-post-thumbnail hentry category-algorithmes-programmation-et-langages category-arithmetique-et-algebre category-continuum-des-apprentissages tag-automate tag-cycle-1 tag-cycle-2 tag-eleves-a-besoin-particulier tag-maternelle\">\n\n<div class=\"wp-block-group alignfull is-content-justification-space-between is-nowrap is-layout-flex wp-container-core-group-is-layout-2e0c9c2c wp-block-group-is-layout-flex\" style=\"border-bottom-color:var(--wp--preset--color--base);margin-top:0;margin-bottom:0;padding-top:var(--wp--preset--spacing--20);padding-bottom:0\"><h3 class=\"wp-block-post-title has-large-font-size\"><a href=\"https:\/\/iremi.univ-reunion.fr\/?p=619\" target=\"_self\" >Automates et apprentissage de la lecture<\/a><\/h3><\/div>\n\n\n\n<div class=\"wp-block-group is-nowrap is-layout-flex wp-container-core-group-is-layout-6c531013 wp-block-group-is-layout-flex\" style=\"border-top-style:none;border-top-width:0px;border-right-style:none;border-right-width:0px;border-bottom-width:1px;border-left-style:none;border-left-width:0px\"><div class=\"has-text-align-left wp-block-post-author-name\">Alain BUSSER<\/div>\n\n<div class=\"has-text-align-right wp-block-post-date\"><time datetime=\"2019-10-06T16:52:00+04:00\"><a href=\"https:\/\/iremi.univ-reunion.fr\/?p=619\">6 octobre 2019<\/a><\/time><\/div><\/div>\n\n<\/li><li class=\"wp-block-post post-617 post type-post status-publish format-standard has-post-thumbnail hentry category-arithmetique-et-algebre category-contextualiser-les-apprentissages category-continuum-des-apprentissages category-machines-information-codage category-outils-numeriques tag-cycle-2 tag-cycle-3 tag-histoire-des-mathematiques tag-manipulation tag-mathnipulez tag-resolution-de-problemes\">\n\n<div class=\"wp-block-group alignfull is-content-justification-space-between is-nowrap is-layout-flex wp-container-core-group-is-layout-2e0c9c2c wp-block-group-is-layout-flex\" style=\"border-bottom-color:var(--wp--preset--color--base);margin-top:0;margin-bottom:0;padding-top:var(--wp--preset--spacing--20);padding-bottom:0\"><h3 class=\"wp-block-post-title has-large-font-size\"><a href=\"https:\/\/iremi.univ-reunion.fr\/?p=617\" target=\"_self\" >Abaque de Gerbert<\/a><\/h3><\/div>\n\n\n\n<div class=\"wp-block-group is-nowrap is-layout-flex wp-container-core-group-is-layout-6c531013 wp-block-group-is-layout-flex\" style=\"border-top-style:none;border-top-width:0px;border-right-style:none;border-right-width:0px;border-bottom-width:1px;border-left-style:none;border-left-width:0px\"><div class=\"has-text-align-left wp-block-post-author-name\">Alain BUSSER<\/div>\n\n<div class=\"has-text-align-right wp-block-post-date\"><time datetime=\"2018-09-01T16:50:00+04:00\"><a href=\"https:\/\/iremi.univ-reunion.fr\/?p=617\">1 septembre 2018<\/a><\/time><\/div><\/div>\n\n<\/li><\/ul><\/div>\n<\/div>\n","protected":false},"excerpt":{"rendered":"<p>liste des publications de la cat\u00e9gorie Continuum des apprentissages<\/p>\n","protected":false},"author":2,"featured_media":0,"parent":0,"menu_order":0,"comment_status":"closed","ping_status":"closed","template":"","meta":{"footnotes":""},"coauthors":[],"class_list":["post-213","page","type-page","status-publish","hentry"],"_links":{"self":[{"href":"https:\/\/iremi.univ-reunion.fr\/index.php?rest_route=\/wp\/v2\/pages\/213","targetHints":{"allow":["GET"]}}],"collection":[{"href":"https:\/\/iremi.univ-reunion.fr\/index.php?rest_route=\/wp\/v2\/pages"}],"about":[{"href":"https:\/\/iremi.univ-reunion.fr\/index.php?rest_route=\/wp\/v2\/types\/page"}],"author":[{"embeddable":true,"href":"https:\/\/iremi.univ-reunion.fr\/index.php?rest_route=\/wp\/v2\/users\/2"}],"replies":[{"embeddable":true,"href":"https:\/\/iremi.univ-reunion.fr\/index.php?rest_route=%2Fwp%2Fv2%2Fcomments&post=213"}],"version-history":[{"count":3,"href":"https:\/\/iremi.univ-reunion.fr\/index.php?rest_route=\/wp\/v2\/pages\/213\/revisions"}],"predecessor-version":[{"id":873,"href":"https:\/\/iremi.univ-reunion.fr\/index.php?rest_route=\/wp\/v2\/pages\/213\/revisions\/873"}],"wp:attachment":[{"href":"https:\/\/iremi.univ-reunion.fr\/index.php?rest_route=%2Fwp%2Fv2%2Fmedia&parent=213"}],"wp:term":[{"taxonomy":"author","embeddable":true,"href":"https:\/\/iremi.univ-reunion.fr\/index.php?rest_route=%2Fwp%2Fv2%2Fcoauthors&post=213"}],"curies":[{"name":"wp","href":"https:\/\/api.w.org\/{rel}","templated":true}]}}