{"id":202,"date":"2025-04-09T16:31:28","date_gmt":"2025-04-09T12:31:28","guid":{"rendered":"https:\/\/iremi2024.univ.run\/?page_id=202"},"modified":"2025-06-19T13:40:31","modified_gmt":"2025-06-19T09:40:31","slug":"geometrie","status":"publish","type":"page","link":"https:\/\/iremi.univ-reunion.fr\/?page_id=202","title":{"rendered":"G\u00e9om\u00e9trie"},"content":{"rendered":"\n<div class=\"wp-block-group alignwide has-global-padding is-layout-constrained wp-block-group-is-layout-constrained\" style=\"padding-top:var(--wp--preset--spacing--60);padding-bottom:var(--wp--preset--spacing--60)\">\n<h2 class=\"wp-block-heading alignwide has-small-font-size\" style=\"font-style:normal;font-weight:700;letter-spacing:1.4px;text-transform:uppercase\">Listes d&rsquo;article de la cat\u00e9gorie G\u00c9OM\u00c9TRIE<\/h2>\n\n\n\n<div class=\"wp-block-query alignwide is-layout-flow wp-block-query-is-layout-flow\"><ul class=\"alignfull wp-block-post-template is-layout-flow wp-container-core-post-template-is-layout-3ee800f6 wp-block-post-template-is-layout-flow\"><li class=\"wp-block-post post-1745 post type-post status-publish format-standard hentry category-algorithmes-programmation-et-langages category-geometrie category-machines-information-codage tag-lycee tag-nsi\">\n\n<div class=\"wp-block-group alignfull is-content-justification-space-between is-nowrap is-layout-flex wp-container-core-group-is-layout-2e0c9c2c wp-block-group-is-layout-flex\" style=\"border-bottom-color:var(--wp--preset--color--base);margin-top:0;margin-bottom:0;padding-top:var(--wp--preset--spacing--20);padding-bottom:0\"><h3 class=\"wp-block-post-title has-large-font-size\"><a href=\"https:\/\/iremi.univ-reunion.fr\/?p=1745\" target=\"_self\" >Programmation Orient\u00e9e Objet et \u00e9galit\u00e9s<\/a><\/h3><\/div>\n\n\n\n<div class=\"wp-block-group is-nowrap is-layout-flex wp-container-core-group-is-layout-6c531013 wp-block-group-is-layout-flex\" style=\"border-top-style:none;border-top-width:0px;border-right-style:none;border-right-width:0px;border-bottom-width:1px;border-left-style:none;border-left-width:0px\"><div class=\"has-text-align-left wp-block-post-author-name\">Alain BUSSER<\/div>\n\n<div class=\"has-text-align-right wp-block-post-date\"><time datetime=\"2026-03-14T08:35:01+04:00\"><a href=\"https:\/\/iremi.univ-reunion.fr\/?p=1745\">14 mars 2026<\/a><\/time><\/div><\/div>\n\n<\/li><li class=\"wp-block-post post-621 post type-post status-publish format-standard has-post-thumbnail hentry category-geometrie category-jeux-mathematiques tag-cycle-1 tag-eleves-a-besoin-particulier tag-maternelle\">\n\n<div class=\"wp-block-group alignfull is-content-justification-space-between is-nowrap is-layout-flex wp-container-core-group-is-layout-2e0c9c2c wp-block-group-is-layout-flex\" style=\"border-bottom-color:var(--wp--preset--color--base);margin-top:0;margin-bottom:0;padding-top:var(--wp--preset--spacing--20);padding-bottom:0\"><h3 class=\"wp-block-post-title has-large-font-size\"><a href=\"https:\/\/iremi.univ-reunion.fr\/?p=621\" target=\"_self\" >Jeux de connexion et apprentissage de la lecture<\/a><\/h3><\/div>\n\n\n\n<div class=\"wp-block-group is-nowrap is-layout-flex wp-container-core-group-is-layout-6c531013 wp-block-group-is-layout-flex\" style=\"border-top-style:none;border-top-width:0px;border-right-style:none;border-right-width:0px;border-bottom-width:1px;border-left-style:none;border-left-width:0px\"><div class=\"has-text-align-left wp-block-post-author-name\">Alain BUSSER<\/div>\n\n<div class=\"has-text-align-right wp-block-post-date\"><time datetime=\"2023-10-13T16:55:00+04:00\"><a href=\"https:\/\/iremi.univ-reunion.fr\/?p=621\">13 octobre 2023<\/a><\/time><\/div><\/div>\n\n<\/li><li class=\"wp-block-post post-541 post type-post status-publish format-standard has-post-thumbnail hentry category-algorithmes-programmation-et-langages category-analyse category-arithmetique-et-algebre category-geometrie category-probabilites tag-analyse tag-fonctions tag-geometrie tag-lycee tag-probabilites tag-python tag-suites\">\n\n<div class=\"wp-block-group alignfull is-content-justification-space-between is-nowrap is-layout-flex wp-container-core-group-is-layout-2e0c9c2c wp-block-group-is-layout-flex\" style=\"border-bottom-color:var(--wp--preset--color--base);margin-top:0;margin-bottom:0;padding-top:var(--wp--preset--spacing--20);padding-bottom:0\"><h3 class=\"wp-block-post-title has-large-font-size\"><a href=\"https:\/\/iremi.univ-reunion.fr\/?p=541\" target=\"_self\" >Un cours de math\u00e9matiques s&rsquo;appuyant sur Python<\/a><\/h3><\/div>\n\n\n\n<div class=\"wp-block-group is-nowrap is-layout-flex wp-container-core-group-is-layout-6c531013 wp-block-group-is-layout-flex\" style=\"border-top-style:none;border-top-width:0px;border-right-style:none;border-right-width:0px;border-bottom-width:1px;border-left-style:none;border-left-width:0px\"><div class=\"has-text-align-left wp-block-post-author-name\">Alain BUSSER<\/div>\n\n<div class=\"has-text-align-right wp-block-post-date\"><time datetime=\"2011-10-12T20:57:00+04:00\"><a href=\"https:\/\/iremi.univ-reunion.fr\/?p=541\">12 octobre 2011<\/a><\/time><\/div><\/div>\n\n<\/li><li class=\"wp-block-post post-530 post type-post status-publish format-standard has-post-thumbnail hentry category-contextualiser-les-apprentissages category-geometrie tag-histoire-des-mathematiques tag-lycee\">\n\n<div class=\"wp-block-group alignfull is-content-justification-space-between is-nowrap is-layout-flex wp-container-core-group-is-layout-2e0c9c2c wp-block-group-is-layout-flex\" style=\"border-bottom-color:var(--wp--preset--color--base);margin-top:0;margin-bottom:0;padding-top:var(--wp--preset--spacing--20);padding-bottom:0\"><h3 class=\"wp-block-post-title has-large-font-size\"><a href=\"https:\/\/iremi.univ-reunion.fr\/?p=530\" target=\"_self\" >La g\u00e9om\u00e9trie de la guitare<\/a><\/h3><\/div>\n\n\n\n<div class=\"wp-block-group is-nowrap is-layout-flex wp-container-core-group-is-layout-6c531013 wp-block-group-is-layout-flex\" style=\"border-top-style:none;border-top-width:0px;border-right-style:none;border-right-width:0px;border-bottom-width:1px;border-left-style:none;border-left-width:0px\"><div class=\"has-text-align-left wp-block-post-author-name\">Alain BUSSER<\/div>\n\n<div class=\"has-text-align-right wp-block-post-date\"><time datetime=\"2007-06-12T12:07:38+04:00\"><a href=\"https:\/\/iremi.univ-reunion.fr\/?p=530\">12 juin 2007<\/a><\/time><\/div><\/div>\n\n<\/li><\/ul><\/div>\n<\/div>\n","protected":false},"excerpt":{"rendered":"<p>Listes d&rsquo;article de la cat\u00e9gorie G\u00c9OM\u00c9TRIE<\/p>\n","protected":false},"author":2,"featured_media":0,"parent":0,"menu_order":0,"comment_status":"closed","ping_status":"closed","template":"","meta":{"footnotes":""},"coauthors":[],"class_list":["post-202","page","type-page","status-publish","hentry"],"_links":{"self":[{"href":"https:\/\/iremi.univ-reunion.fr\/index.php?rest_route=\/wp\/v2\/pages\/202","targetHints":{"allow":["GET"]}}],"collection":[{"href":"https:\/\/iremi.univ-reunion.fr\/index.php?rest_route=\/wp\/v2\/pages"}],"about":[{"href":"https:\/\/iremi.univ-reunion.fr\/index.php?rest_route=\/wp\/v2\/types\/page"}],"author":[{"embeddable":true,"href":"https:\/\/iremi.univ-reunion.fr\/index.php?rest_route=\/wp\/v2\/users\/2"}],"replies":[{"embeddable":true,"href":"https:\/\/iremi.univ-reunion.fr\/index.php?rest_route=%2Fwp%2Fv2%2Fcomments&post=202"}],"version-history":[{"count":2,"href":"https:\/\/iremi.univ-reunion.fr\/index.php?rest_route=\/wp\/v2\/pages\/202\/revisions"}],"predecessor-version":[{"id":874,"href":"https:\/\/iremi.univ-reunion.fr\/index.php?rest_route=\/wp\/v2\/pages\/202\/revisions\/874"}],"wp:attachment":[{"href":"https:\/\/iremi.univ-reunion.fr\/index.php?rest_route=%2Fwp%2Fv2%2Fmedia&parent=202"}],"wp:term":[{"taxonomy":"author","embeddable":true,"href":"https:\/\/iremi.univ-reunion.fr\/index.php?rest_route=%2Fwp%2Fv2%2Fcoauthors&post=202"}],"curies":[{"name":"wp","href":"https:\/\/api.w.org\/{rel}","templated":true}]}}