{"id":2,"date":"2025-02-20T06:15:40","date_gmt":"2025-02-20T05:15:40","guid":{"rendered":"http:\/\/iremi2024.univ.run\/?page_id=2"},"modified":"2025-06-26T16:59:36","modified_gmt":"2025-06-26T12:59:36","slug":"page-d-exemple","status":"publish","type":"page","link":"https:\/\/iremi.univ-reunion.fr\/?page_id=2","title":{"rendered":"L&rsquo;IREMI de La R\u00e9union"},"content":{"rendered":"\n<p>Apr\u00e8s avoir fonctionn\u00e9 \u00e0 titre exp\u00e9rimental pendant l\u2019ann\u00e9e 1999-2000, l\u2019IREM de la R\u00e9union a \u00e9t\u00e9 cr\u00e9\u00e9 officiellement le 1<sup>er<\/sup>\u00a0septembre 2000. Il est rattach\u00e9 au Laboratoire d\u2019informatique et de math\u00e9matiques (LIM, EA2525) de l\u2019universit\u00e9 de la R\u00e9union, dans lequel il fonctionne en synergie avec l\u2019\u00e9quipe de recherche\u00a0<a href=\"http:\/\/lim.univ-reunion.fr\/equipes\/edim\/\">HDMI<\/a>\u00a0(Histoire et Didactique des Math\u00e9matiques et de l\u2019Informatique). Il b\u00e9n\u00e9ficie par ailleurs du soutien du rectorat.<\/p>\n\n\n\n<p>L\u2019IREMI de la R\u00e9union a pour missions\u00a0:<\/p>\n\n\n\n<ul class=\"wp-block-list\">\n<li>de mener des recherches appliqu\u00e9es \u00e0 l\u2019enseignement des math\u00e9matiques et de l&rsquo;informatique, en lien avec les recherches fondamentales conduites au sein de l\u2019universit\u00e9 dans les domaines de l\u2019\u00e9pist\u00e9mologie et de la didactique\u00a0;<\/li>\n\n\n\n<li>de contribuer \u00e0 la formation continue par la recherche des enseignants de math\u00e9matiques et d&rsquo;informatique et \u00e0 la formation de formateurs dans ces disciplines\u00a0;<\/li>\n\n\n\n<li>de produire et de publier des ressources p\u00e9dagogiques\u00a0;<\/li>\n\n\n\n<li>de diffuser la culture math\u00e9matique et informatique aupr\u00e8s des enseignants, des jeunes et du grand public\u00a0;<\/li>\n\n\n\n<li>de participer aux activit\u00e9s du r\u00e9seau national des IREM.<\/li>\n<\/ul>\n\n\n\n<p>Pour remplir ces missions, l\u2019IREMI est administr\u00e9 par une \u00e9quipe de direction et un conseil scientifique.<\/p>\n\n\n\n<h2 class=\"wp-block-heading\">Pour nous contacter<\/h2>\n\n\n\n<ul class=\"wp-block-list\">\n<li>Directrice\u00a0:\u00a0<a href=\"mailto:marion.le-gonidec@univ-reunion.fr\">Marion LE GONIDEC<\/a><\/li>\n\n\n\n<li>Directeur adjoint\u00a0:\u00a0<a href=\"mailto:luc.tiennot@univ-reunion.fr\">Luc TIENNOT<\/a><\/li>\n\n\n\n<li>Directeur adjoint\u00a0:\u00a0<a href=\"mailto:seb.hoarau@univ-reunion.fr\">S\u00e9bastien HOARAU<\/a><\/li>\n\n\n\n<li>T\u00e9l\u00e9phone\u00a0: (+262) 262 52 89 27<\/li>\n\n\n\n<li>Adresse postale\u00a0: IREMI de la R\u00e9union, Laboratoire d\u2019informatique et de math\u00e9matiques, Parc technologique universitaire, 2\u00a0rue Joseph-Wetzell, 97490 Sainte-Clotilde.<\/li>\n<\/ul>\n","protected":false},"excerpt":{"rendered":"<p>Apr\u00e8s avoir fonctionn\u00e9 \u00e0 titre exp\u00e9rimental pendant l\u2019ann\u00e9e 1999-2000, l\u2019IREM de la R\u00e9union a \u00e9t\u00e9 cr\u00e9\u00e9 officiellement le 1er\u00a0septembre 2000. Il est rattach\u00e9 au Laboratoire d\u2019informatique et de math\u00e9matiques (LIM, EA2525) de l\u2019universit\u00e9 de la R\u00e9union, dans lequel il fonctionne en synergie avec l\u2019\u00e9quipe de recherche\u00a0HDMI\u00a0(Histoire et Didactique des Math\u00e9matiques et de l\u2019Informatique). Il b\u00e9n\u00e9ficie [&hellip;]<\/p>\n","protected":false},"author":2,"featured_media":0,"parent":0,"menu_order":0,"comment_status":"closed","ping_status":"closed","template":"","meta":{"footnotes":""},"coauthors":[41],"class_list":["post-2","page","type-page","status-publish","hentry"],"_links":{"self":[{"href":"https:\/\/iremi.univ-reunion.fr\/index.php?rest_route=\/wp\/v2\/pages\/2","targetHints":{"allow":["GET"]}}],"collection":[{"href":"https:\/\/iremi.univ-reunion.fr\/index.php?rest_route=\/wp\/v2\/pages"}],"about":[{"href":"https:\/\/iremi.univ-reunion.fr\/index.php?rest_route=\/wp\/v2\/types\/page"}],"author":[{"embeddable":true,"href":"https:\/\/iremi.univ-reunion.fr\/index.php?rest_route=\/wp\/v2\/users\/2"}],"replies":[{"embeddable":true,"href":"https:\/\/iremi.univ-reunion.fr\/index.php?rest_route=%2Fwp%2Fv2%2Fcomments&post=2"}],"version-history":[{"count":1,"href":"https:\/\/iremi.univ-reunion.fr\/index.php?rest_route=\/wp\/v2\/pages\/2\/revisions"}],"predecessor-version":[{"id":13,"href":"https:\/\/iremi.univ-reunion.fr\/index.php?rest_route=\/wp\/v2\/pages\/2\/revisions\/13"}],"wp:attachment":[{"href":"https:\/\/iremi.univ-reunion.fr\/index.php?rest_route=%2Fwp%2Fv2%2Fmedia&parent=2"}],"wp:term":[{"taxonomy":"author","embeddable":true,"href":"https:\/\/iremi.univ-reunion.fr\/index.php?rest_route=%2Fwp%2Fv2%2Fcoauthors&post=2"}],"curies":[{"name":"wp","href":"https:\/\/api.w.org\/{rel}","templated":true}]}}